{"id":1251,"date":"2016-01-11T10:26:29","date_gmt":"2016-01-11T10:26:29","guid":{"rendered":"http:\/\/www.develooping.com\/develooping\/?page_id=1251"},"modified":"2018-05-20T19:19:46","modified_gmt":"2018-05-20T19:19:46","slug":"cookies-y-privacidad","status":"publish","type":"page","link":"https:\/\/www.develooping.com\/sv\/cookies-y-privacidad\/","title":{"rendered":"cookies och integritetspolicy"},"content":{"rendered":"<div class=\"wpb-content-wrapper\"><p>[vc_row][vc_column width=&#8221;1\/6&#8243;][vc_column_text][\/vc_column_text][\/vc_column][vc_column width=&#8221;2\/3&#8243;][vc_column_text]<strong>Denna text har \u00f6versatts automatiskt fr\u00e5n spanska<\/strong><\/p>\n<article>\n<div class=\"generic-form login\">\n<h4 class=\"wrapper\">Dataskydd<\/h4>\n<\/div>\n<\/article>\n<p>I enlighet med best\u00e4mmelserna i lag 15\/1999, den 13 december, Skydd av personuppgifter, informerar vi om att genom att fylla i och skicka v\u00e5rt kontaktformul\u00e4r, kommer den information du ger oss (namn, e-post och meddelande) att behandlas av develooping.com i syfte att erbjuda v\u00e5ra tj\u00e4nster och kommunicera med dig. Vi informerar ocks\u00e5 om att du kan utnyttja dina r\u00e4ttigheter till att f\u00e5 tillg\u00e5ng, r\u00e4tta, annullera och opponera dig amg\u00e5ende dina personuppgifter via e-post info@develooping.com<\/p>\n<p>&nbsp;<\/p>\n<h4>Om Cookies<\/h4>\n<p>En cookie \u00e4r en fil som laddas ner till datorn f\u00f6r att f\u00e5 tillg\u00e5ng till vissa webbsidor. Cookies till\u00e5ter en webbplats, bland annat, att lagra och h\u00e4mta information om surfvanor hos en anv\u00e4ndare eller datorn, beroende p\u00e5 vilken information de inneh\u00e5ller och hur du anv\u00e4nder din dator kan den anv\u00e4ndas f\u00f6r att k\u00e4nna igen anv\u00e4ndaren. Anv\u00e4ndarens webbl\u00e4sare lagrar cookies p\u00e5 h\u00e5rddisken endast under den aktuella sessionen och upptar ett minimalt minnesutrymme och kan inte skada datorn. Cookies inneh\u00e5ller inte n\u00e5gon specifik personlig information, och m\u00e5nga av dem tas bort fr\u00e5n h\u00e5rddisken i slutet av webbl\u00e4sarsessionen. Dessa kallas sessionscookies.<\/p>\n<p>De flesta webbl\u00e4sare accepterar cookies som standard och oberoende d\u00e4rav, till\u00e5ter eller f\u00f6rhindrar att s\u00e4kerhetsinst\u00e4llningarna i tillf\u00e4lliga cookies lagras.<\/p>\n<p>Utan ditt uttryckliga medgivande -genom p\u00e5 aktivera cookies i din navegador- kommer develooping.com inte att spara n\u00e5gra av dina data som cookies.<\/p>\n<p><strong>Vilka typer av cookies anv\u00e4nder denna webbplats?<\/strong><\/p>\n<p><strong>&#8211; Tekniska Cookies: <\/strong>: Det \u00e4r de som g\u00f6r det m\u00f6jligt f\u00f6r anv\u00e4ndaren att navigera genom en webbplats, plattform eller till\u00e4mpning och anv\u00e4ndning av olika alternativ eller tj\u00e4nster som existerar som till exempel kontroll trafik och datakommunikation, identifiera sessionen, \u00e5tkomst till begr\u00e4nsade delar, kom ih\u00e5g delar av en order, g\u00f6ra k\u00f6pprocessen en order, g\u00f6ra beg\u00e4ran om registrering eller deltagande i en h\u00e4ndelse, anv\u00e4nd s\u00e4kerhetsfunktioner medan du surfar lagra inneh\u00e5ll f\u00f6r broadcast video eller ljud eller dela inneh\u00e5ll via sociala n\u00e4tverk.<\/p>\n<p><strong>&#8211; Kundanpassade Cookies:<\/strong>: Dessa \u00e4r de som g\u00f6r det m\u00f6jligt f\u00f6r anv\u00e4ndaren att f\u00e5 tillg\u00e5ng till tj\u00e4nsten med vissa funktioner allm\u00e4nt baserad p\u00e5 en f\u00f6rdefinierad upps\u00e4ttning kriterier i anv\u00e4ndarterminalen, vilket skulle vara spr\u00e5k, typ av webbl\u00e4sare genom vilken du ansluter dig till tj\u00e4nsten, lokalen fr\u00e5n var du ansluter dig till tj\u00e4nsten, etc.<\/p>\n<p><strong>&#8211; Cookies f\u00f6r analys<\/strong>: \u00e4r de som behandlas antingen av oss eller av tredje part, de till\u00e5ter oss att kvantifiera antalet anv\u00e4ndare och utf\u00f6ra m\u00e4tningar och statistisk analys av utnyttjandet av anv\u00e4ndarna av den tj\u00e4nst som erbjuds. F\u00f6r att f\u00f6rb\u00e4ttra leverans av varor eller tj\u00e4nster som vi erbjuder genom att m\u00e4ta din surfning beskriven p\u00e5 v\u00e5r hemsida.<\/p>\n<p><strong>&#8211; Cookies fr\u00e5n tredje part:<\/strong> develooping.com kan anv\u00e4nda tredjepartstj\u00e4nster som samlar in data f\u00f6r statistiska \u00e4ndam\u00e5l, f\u00f6r att utnyttja webbplatsen f\u00f6r anv\u00e4ndaren och tillhandah\u00e5lla andra tj\u00e4nster i samband med aktiviteter p\u00e5 webbsidan och andra Internettj\u00e4nster.<\/p>\n<p>Framf\u00f6r allt anv\u00e4nder denna webbplats Google Analytics, en webbanalystj\u00e4nst som tillhandah\u00e5lls av Google Inc. med s\u00e4te i USA med huvudkontor p\u00e5 1600 Amphitheatre Parkway, Mountain View, Kalifornien 94043. F\u00f6r att tillhandah\u00e5lla dessa tj\u00e4nster, anv\u00e4nds cookies f\u00f6r att samla information, inklusive IP-adressen f\u00f6r anv\u00e4ndaren, som kommer att s\u00e4ndas, bearbetas och lagras av Google p\u00e5 de villkor som anges p\u00e5 n\u00e4tet Google.com, inklusive eventuell \u00f6verf\u00f6ring av denna information till tredje part p\u00e5 grund av lagkrav eller d\u00e4r en tredje part behandlar den information p\u00e5 uppdrag av Google.<br \/>\n<table class=\"cookies wide-fat\"><thead><tr><td>Cookie Name<\/td><td>Cookie Category<\/td><td>Description<\/td><td>Duration<\/td><\/tr><\/thead><tr><td>__utma<\/td><td>2<\/td><td>Denna cookie h\u00e5ller reda p\u00e5 hur m\u00e5nga g\u00e5nger en bes\u00f6kare har varit p\u00e5 platsen som h\u00e4nf\u00f6r sig till den cookie n\u00e4r deras f\u00f6rsta bes\u00f6k var, och n\u00e4r deras senaste bes\u00f6k har intr\u00e4ffat. Google Analytics anv\u00e4nder informationen fr\u00e5n denna cookie f\u00f6r att ber\u00e4kna saker som dagar och bes\u00f6k f\u00f6r att k\u00f6pa.<\/td><td>permanent<\/td><\/tr><tr><td>__utmz<\/td><td>2<\/td><td>H\u00e5ller reda p\u00e5 var bes\u00f6karen kommer ifr\u00e5n, vilken s\u00f6kmotor de anv\u00e4nde, vilken l\u00e4nk de klickade p\u00e5, vilka s\u00f6kord de anv\u00e4nde, och var i v\u00e4rlden de befann sig n\u00e4r de \u00f6ppnade en webbplats. Denna cookie \u00e4r hur Google Analytics vet till vem och i vilken k\u00e4lla\/medium\/s\u00f6kord f\u00f6r att tilldela kredit f\u00f6r en M\u00e5lkonvertering eller en e-handelstransaktion.\n<\/td><td>6 m\u00e5nader<\/td><\/tr><tr><td>__utmb<\/td><td>2<\/td><td>__utmb \u00e4r en Google Analytics cookie. Det tar en timestamp av den exakta tidpunkt d\u00e5 en bes\u00f6kare \u00f6ppnar en webbplats.<\/td><td>session<\/td><\/tr><tr><td>__utmc<\/td><td>2<\/td><td>__utmc tar en timestamp av den exakta tidpunkt N\u00e4r en bes\u00f6kare l\u00e4mnar en webbplats.<\/td><td>30 mins<\/td><\/tr><\/table><\/p>\n<p>&nbsp;<\/p>\n<p>Du samtycker uttryckligen genom anv\u00e4ndning av denna webbplats, behandling av information som erh\u00e5llits p\u00e5 det s\u00e4tt och f\u00f6r ovanst\u00e5ende \u00e4ndam\u00e5l. Och det bekr\u00e4ftar att r\u00e4tten finns att avvisa behandling av s\u00e5dana uppgifter eller information genom att avvisa anv\u00e4ndningen av cookies genom att v\u00e4lja l\u00e4mpliga inst\u00e4llningar f\u00f6r detta \u00e4ndam\u00e5l i webbl\u00e4saren, \u00e4ven om denna m\u00f6jlighet att blockera cookies i din webbl\u00e4sare kan hindra dig fr\u00e5n fullt utnyttjande av alla funktioner p\u00e5 webbplatsen.<\/p>\n<p>Du kan till\u00e5ta, blockera eller ta bort cookies installerade p\u00e5 datorn genom att konfigurera webbl\u00e4sarens alternativ som \u00e4r installerade p\u00e5 datorn:<\/p>\n<ul>\n<li><a href=\"http:\/\/support.google.com\/chrome\/bin\/answer.py?hl=es&amp;answer=95647\" target=\"_blank\">Chrome<\/a><\/li>\n<li><a href=\"http:\/\/windows.microsoft.com\/es-es\/windows7\/how-to-manage-cookies-in-internet-explorer-9\" target=\"_blank\">Explorer<\/a><\/li>\n<li><a href=\"http:\/\/support.mozilla.org\/es\/kb\/habilitar-y-deshabilitar-cookies-que-los-sitios-we\" target=\"_blank\">Firefox<\/a><\/li>\n<li><a href=\"http:\/\/support.apple.com\/kb\/ph5042\" target=\"_blank\">Safari<\/a><\/li>\n<\/ul>\n<p>Om du anv\u00e4nder en annan webbl\u00e4sare eller om du har fr\u00e5gor om denna policy av cookies, kan du kontakta info@develooping(punto)com[\/vc_column_text][\/vc_column][vc_column width=&#8221;1\/6&#8243;][vc_column_text][\/vc_column_text][\/vc_column][\/vc_row][vc_row][vc_column][vc_empty_space height=&#8221;32&#8243;][\/vc_column][\/vc_row][vc_row][vc_column][vc_raw_js]JTNDc2NyaXB0JTIwdHlwZSUzRCUyMnRleHQlMkZqYXZhc2NyaXB0JTIyJTNFJTBBalF1ZXJ5JTI4ZG9jdW1lbnQlMjkucmVhZHklMjhmdW5jdGlvbiUyOCUyOSU3QiUwQWpRdWVyeSUyOCUyMnRhYmxlLmNvb2tpZXMlMjB0ZCUzQWNvbnRhaW5zJTI4JTI3dW5rbm93JTI3JTI5JTIyJTI5LnBhcmVudCUyOCUyOS5yZW1vdmUlMjglMjklM0IlMEFqUXVlcnklMjglMjJ0YWJsZS5jb29raWVzJTIwdGhlYWQlMjB0ZCUzQWNvbnRhaW5zJTI4JTI3Q29va2llJTIwTmFtZSUyNyUyOSUyMiUyOS5odG1sJTI4JTI3TmFtbiUyNyUyOSUzQiUwQWpRdWVyeSUyOCUyMnRhYmxlLmNvb2tpZXMlMjB0aGVhZCUyMHRkJTNBY29udGFpbnMlMjglMjdDb29raWUlMjBDYXRlZ29yeSUyNyUyOSUyMiUyOS5odG1sJTI4JTI3S2F0ZWdvcmklMjclMjklM0IlMEFqUXVlcnklMjglMjJ0YWJsZS5jb29raWVzJTIwdGhlYWQlMjB0ZCUzQWNvbnRhaW5zJTI4JTI3RGVzY3JpcHRpb24lMjclMjklMjIlMjkuaHRtbCUyOCUyN0Jlc2tyaXZuaW5nJTI3JTI5JTNCJTBBalF1ZXJ5JTI4JTIydGFibGUuY29va2llcyUyMHRoZWFkJTIwdGQlM0Fjb250YWlucyUyOCUyN0R1cmF0aW9uJTI3JTI5JTIyJTI5Lmh0bWwlMjglMjdWYXJha3RpZ2hldCUyNyUyOSUzQiUwQSU3RCUyOSUzQiUwQSUzQyUyRnNjcmlwdCUzRQ==[\/vc_raw_js][\/vc_column][\/vc_row]<\/p>\n<\/div>","protected":false},"excerpt":{"rendered":"<p>[vc_row][vc_column width=&#8221;1\/6&#8243;][vc_column_text][\/vc_column_text][\/vc_column][vc_column width=&#8221;2\/3&#8243;][vc_column_text]Denna text har \u00f6versatts automatiskt fr\u00e5n spanska Dataskydd I enlighet med best\u00e4mmelserna i lag 15\/1999, den 13 december, Skydd av personuppgifter, informerar vi om att genom att fylla i och skicka v\u00e5rt kontaktformul\u00e4r, kommer den information du ger oss (namn, e-post och meddelande) att behandlas av develooping.com i&#8230;<\/p>\n","protected":false},"author":1,"featured_media":0,"parent":0,"menu_order":0,"comment_status":"closed","ping_status":"closed","template":"","meta":{"footnotes":""},"class_list":["post-1251","page","type-page","status-publish","hentry"],"yoast_head":"<!-- This site is optimized with the Yoast SEO plugin v27.4 - https:\/\/yoast.com\/product\/yoast-seo-wordpress\/ -->\n<title>cookies och integritetspolicy | Develooping<\/title>\n<meta name=\"robots\" content=\"index, follow, max-snippet:-1, max-image-preview:large, max-video-preview:-1\" \/>\n<link rel=\"canonical\" href=\"https:\/\/www.develooping.com\/cookies-y-privacidad\/\" \/>\n<meta property=\"og:locale\" content=\"sv_SE\" \/>\n<meta property=\"og:type\" content=\"article\" \/>\n<meta property=\"og:title\" content=\"cookies och integritetspolicy | Develooping\" \/>\n<meta property=\"og:description\" content=\"[vc_row][vc_column width=&#8221;1\/6&#8243;][vc_column_text][\/vc_column_text][\/vc_column][vc_column width=&#8221;2\/3&#8243;][vc_column_text]Denna text har \u00f6versatts automatiskt fr\u00e5n spanska Dataskydd I enlighet med best\u00e4mmelserna i lag 15\/1999, den 13 december, Skydd av personuppgifter, informerar vi om att genom att fylla i och skicka v\u00e5rt kontaktformul\u00e4r, kommer den information du ger oss (namn, e-post och meddelande) att behandlas av develooping.com i...\" \/>\n<meta property=\"og:url\" content=\"https:\/\/www.develooping.com\/cookies-y-privacidad\/\" \/>\n<meta property=\"og:site_name\" content=\"Develooping\" \/>\n<meta property=\"article:publisher\" content=\"https:\/\/facebook.com\/develooping\" \/>\n<meta property=\"article:modified_time\" content=\"2018-05-20T19:19:46+00:00\" \/>\n<meta name=\"twitter:card\" content=\"summary_large_image\" \/>\n<meta name=\"twitter:label1\" content=\"Ber\u00e4knad l\u00e4stid\" \/>\n\t<meta name=\"twitter:data1\" content=\"5 minuter\" \/>\n<script type=\"application\/ld+json\" class=\"yoast-schema-graph\">{\"@context\":\"https:\\\/\\\/schema.org\",\"@graph\":[{\"@type\":\"WebPage\",\"@id\":\"https:\\\/\\\/www.develooping.com\\\/cookies-y-privacidad\\\/\",\"url\":\"https:\\\/\\\/www.develooping.com\\\/cookies-y-privacidad\\\/\",\"name\":\"cookies och integritetspolicy | Develooping\",\"isPartOf\":{\"@id\":\"https:\\\/\\\/www.develooping.com\\\/#website\"},\"datePublished\":\"2016-01-11T10:26:29+00:00\",\"dateModified\":\"2018-05-20T19:19:46+00:00\",\"breadcrumb\":{\"@id\":\"https:\\\/\\\/www.develooping.com\\\/cookies-y-privacidad\\\/#breadcrumb\"},\"inLanguage\":\"sv-SE\",\"potentialAction\":[{\"@type\":\"ReadAction\",\"target\":[\"https:\\\/\\\/www.develooping.com\\\/cookies-y-privacidad\\\/\"]}]},{\"@type\":\"BreadcrumbList\",\"@id\":\"https:\\\/\\\/www.develooping.com\\\/cookies-y-privacidad\\\/#breadcrumb\",\"itemListElement\":[{\"@type\":\"ListItem\",\"position\":1,\"name\":\"Portada\",\"item\":\"https:\\\/\\\/www.develooping.com\\\/\"},{\"@type\":\"ListItem\",\"position\":2,\"name\":\"pol\u00edtica de cookies y privacidad\"}]},{\"@type\":\"WebSite\",\"@id\":\"https:\\\/\\\/www.develooping.com\\\/#website\",\"url\":\"https:\\\/\\\/www.develooping.com\\\/\",\"name\":\"Develooping\",\"description\":\"Web design and programming\",\"publisher\":{\"@id\":\"https:\\\/\\\/www.develooping.com\\\/#organization\"},\"potentialAction\":[{\"@type\":\"SearchAction\",\"target\":{\"@type\":\"EntryPoint\",\"urlTemplate\":\"https:\\\/\\\/www.develooping.com\\\/?s={search_term_string}\"},\"query-input\":{\"@type\":\"PropertyValueSpecification\",\"valueRequired\":true,\"valueName\":\"search_term_string\"}}],\"inLanguage\":\"sv-SE\"},{\"@type\":\"Organization\",\"@id\":\"https:\\\/\\\/www.develooping.com\\\/#organization\",\"name\":\"Develooping\",\"url\":\"https:\\\/\\\/www.develooping.com\\\/\",\"logo\":{\"@type\":\"ImageObject\",\"inLanguage\":\"sv-SE\",\"@id\":\"https:\\\/\\\/www.develooping.com\\\/#\\\/schema\\\/logo\\\/image\\\/\",\"url\":\"https:\\\/\\\/www.develooping.com\\\/wp-content\\\/uploads\\\/2015\\\/09\\\/logo_develooping_grande.png\",\"contentUrl\":\"https:\\\/\\\/www.develooping.com\\\/wp-content\\\/uploads\\\/2015\\\/09\\\/logo_develooping_grande.png\",\"width\":370,\"height\":169,\"caption\":\"Develooping\"},\"image\":{\"@id\":\"https:\\\/\\\/www.develooping.com\\\/#\\\/schema\\\/logo\\\/image\\\/\"},\"sameAs\":[\"https:\\\/\\\/facebook.com\\\/develooping\"]}]}<\/script>\n<!-- \/ Yoast SEO plugin. -->","yoast_head_json":{"title":"cookies och integritetspolicy | Develooping","robots":{"index":"index","follow":"follow","max-snippet":"max-snippet:-1","max-image-preview":"max-image-preview:large","max-video-preview":"max-video-preview:-1"},"canonical":"https:\/\/www.develooping.com\/cookies-y-privacidad\/","og_locale":"sv_SE","og_type":"article","og_title":"cookies och integritetspolicy | Develooping","og_description":"[vc_row][vc_column width=&#8221;1\/6&#8243;][vc_column_text][\/vc_column_text][\/vc_column][vc_column width=&#8221;2\/3&#8243;][vc_column_text]Denna text har \u00f6versatts automatiskt fr\u00e5n spanska Dataskydd I enlighet med best\u00e4mmelserna i lag 15\/1999, den 13 december, Skydd av personuppgifter, informerar vi om att genom att fylla i och skicka v\u00e5rt kontaktformul\u00e4r, kommer den information du ger oss (namn, e-post och meddelande) att behandlas av develooping.com i...","og_url":"https:\/\/www.develooping.com\/cookies-y-privacidad\/","og_site_name":"Develooping","article_publisher":"https:\/\/facebook.com\/develooping","article_modified_time":"2018-05-20T19:19:46+00:00","twitter_card":"summary_large_image","twitter_misc":{"Ber\u00e4knad l\u00e4stid":"5 minuter"},"schema":{"@context":"https:\/\/schema.org","@graph":[{"@type":"WebPage","@id":"https:\/\/www.develooping.com\/cookies-y-privacidad\/","url":"https:\/\/www.develooping.com\/cookies-y-privacidad\/","name":"cookies och integritetspolicy | Develooping","isPartOf":{"@id":"https:\/\/www.develooping.com\/#website"},"datePublished":"2016-01-11T10:26:29+00:00","dateModified":"2018-05-20T19:19:46+00:00","breadcrumb":{"@id":"https:\/\/www.develooping.com\/cookies-y-privacidad\/#breadcrumb"},"inLanguage":"sv-SE","potentialAction":[{"@type":"ReadAction","target":["https:\/\/www.develooping.com\/cookies-y-privacidad\/"]}]},{"@type":"BreadcrumbList","@id":"https:\/\/www.develooping.com\/cookies-y-privacidad\/#breadcrumb","itemListElement":[{"@type":"ListItem","position":1,"name":"Portada","item":"https:\/\/www.develooping.com\/"},{"@type":"ListItem","position":2,"name":"pol\u00edtica de cookies y privacidad"}]},{"@type":"WebSite","@id":"https:\/\/www.develooping.com\/#website","url":"https:\/\/www.develooping.com\/","name":"Develooping","description":"Web design and programming","publisher":{"@id":"https:\/\/www.develooping.com\/#organization"},"potentialAction":[{"@type":"SearchAction","target":{"@type":"EntryPoint","urlTemplate":"https:\/\/www.develooping.com\/?s={search_term_string}"},"query-input":{"@type":"PropertyValueSpecification","valueRequired":true,"valueName":"search_term_string"}}],"inLanguage":"sv-SE"},{"@type":"Organization","@id":"https:\/\/www.develooping.com\/#organization","name":"Develooping","url":"https:\/\/www.develooping.com\/","logo":{"@type":"ImageObject","inLanguage":"sv-SE","@id":"https:\/\/www.develooping.com\/#\/schema\/logo\/image\/","url":"https:\/\/www.develooping.com\/wp-content\/uploads\/2015\/09\/logo_develooping_grande.png","contentUrl":"https:\/\/www.develooping.com\/wp-content\/uploads\/2015\/09\/logo_develooping_grande.png","width":370,"height":169,"caption":"Develooping"},"image":{"@id":"https:\/\/www.develooping.com\/#\/schema\/logo\/image\/"},"sameAs":["https:\/\/facebook.com\/develooping"]}]}},"_links":{"self":[{"href":"https:\/\/www.develooping.com\/sv\/wp-json\/wp\/v2\/pages\/1251","targetHints":{"allow":["GET"]}}],"collection":[{"href":"https:\/\/www.develooping.com\/sv\/wp-json\/wp\/v2\/pages"}],"about":[{"href":"https:\/\/www.develooping.com\/sv\/wp-json\/wp\/v2\/types\/page"}],"author":[{"embeddable":true,"href":"https:\/\/www.develooping.com\/sv\/wp-json\/wp\/v2\/users\/1"}],"replies":[{"embeddable":true,"href":"https:\/\/www.develooping.com\/sv\/wp-json\/wp\/v2\/comments?post=1251"}],"version-history":[{"count":18,"href":"https:\/\/www.develooping.com\/sv\/wp-json\/wp\/v2\/pages\/1251\/revisions"}],"predecessor-version":[{"id":3162,"href":"https:\/\/www.develooping.com\/sv\/wp-json\/wp\/v2\/pages\/1251\/revisions\/3162"}],"wp:attachment":[{"href":"https:\/\/www.develooping.com\/sv\/wp-json\/wp\/v2\/media?parent=1251"}],"curies":[{"name":"wp","href":"https:\/\/api.w.org\/{rel}","templated":true}]}}