{"id":1121,"date":"2016-01-04T17:18:25","date_gmt":"2016-01-04T17:18:25","guid":{"rendered":"http:\/\/www.develooping.com\/develooping\/?page_id=1121"},"modified":"2016-02-20T13:16:46","modified_gmt":"2016-02-20T13:16:46","slug":"404-2","status":"publish","type":"page","link":"https:\/\/www.develooping.com\/sv\/404-2\/","title":{"rendered":"404"},"content":{"rendered":"<div class=\"wpb-content-wrapper\"><p>[vc_row][vc_column][vc_column_text]<img loading=\"lazy\" decoding=\"async\" class=\"size-medium wp-image-1465 aligncenter\" src=\"http:\/\/www.develooping.com\/wp-content\/uploads\/2016\/01\/esto-no-es-lo-que-buscabas-300x282.png\" alt=\"esto-no-es-lo-que-buscabas\" width=\"300\" height=\"282\" srcset=\"https:\/\/www.develooping.com\/wp-content\/uploads\/2016\/01\/esto-no-es-lo-que-buscabas-300x282.png 300w, https:\/\/www.develooping.com\/wp-content\/uploads\/2016\/01\/esto-no-es-lo-que-buscabas.png 309w\" sizes=\"auto, (max-width: 300px) 100vw, 300px\" \/><\/p>\n<h2 style=\"text-align: center;\"><span id=\"result_box\" class=\"\" lang=\"sv\"><span class=\"hps\">Internetadressen <\/span> <span class=\"hps\">du beg\u00e4rde<\/span> <span class=\"hps\">finns inte<\/span><\/span><\/h2>\n<p style=\"text-align: center;\"><span id=\"result_box\" class=\"\" lang=\"sv\"><span class=\"hps\">Den sida som du<\/span> <span class=\"hps alt-edited\">har h\u00e4nvisats<\/span> <span class=\"hps\">till<\/span> <span class=\"hps alt-edited\">finns<\/span> <span class=\"hps\">inte<\/span> <span class=\"hps\">p\u00e5<\/span> <span class=\"hps\">v\u00e5r hemsida<\/span>. <span class=\"hps\">Vi kanske har<\/span> <span class=\"hps alt-edited\">flyttat eller raderat<\/span> <span class=\"hps alt-edited\">den<\/span><span class=\"\">.<\/span> <span class=\"hps\">Vi<\/span> <span class=\"hps\">f\u00f6resl\u00e5r att du g\u00e5r<\/span> <span class=\"hps\">till v\u00e5r hemsida<\/span> <span class=\"hps\">och<\/span> <span class=\"hps alt-edited\">f\u00f6rs\u00f6ker hitta<\/span> <span class=\"hps\">det inneh\u00e5ll<\/span> <span class=\"hps\">som intresserar dig<\/span><span class=\"\">.<\/span><\/span><\/p>\n<p>[\/vc_column_text][\/vc_column][\/vc_row][vc_row][vc_column][vc_empty_space height=&#8221;32&#8243;][\/vc_column][\/vc_row][vc_row el_id=&#8221;boton_volver&#8221;][vc_column]<a  itemprop=\"url\" href=\"http:\/\/www.develooping.com\" target=\"_self\"  class=\"qbutton  default\" style=\"\">Tillbaks till f\u00f6rstasidan<i class=\"qode_icon_font_awesome fa fa-home qode_button_icon_element\" style=\"\" ><\/i><\/a>[\/vc_column][\/vc_row]<\/p>\n<\/div>","protected":false},"excerpt":{"rendered":"<p>[vc_row][vc_column][vc_column_text] Internetadressen du beg\u00e4rde finns inte Den sida som du har h\u00e4nvisats till finns inte p\u00e5 v\u00e5r hemsida. Vi kanske har flyttat eller raderat den. Vi f\u00f6resl\u00e5r att du g\u00e5r till v\u00e5r hemsida och f\u00f6rs\u00f6ker hitta det inneh\u00e5ll som intresserar dig. [\/vc_column_text][\/vc_column][\/vc_row][vc_row][vc_column][vc_empty_space height=&#8221;32&#8243;][\/vc_column][\/vc_row][vc_row el_id=&#8221;boton_volver&#8221;][vc_column][\/vc_column][\/vc_row]<\/p>\n","protected":false},"author":1,"featured_media":0,"parent":0,"menu_order":0,"comment_status":"closed","ping_status":"closed","template":"","meta":{"footnotes":""},"class_list":["post-1121","page","type-page","status-publish","hentry"],"yoast_head":"<!-- This site is optimized with the Yoast SEO plugin v27.3 - https:\/\/yoast.com\/product\/yoast-seo-wordpress\/ -->\n<title>404 | Develooping<\/title>\n<meta name=\"robots\" content=\"index, follow, max-snippet:-1, max-image-preview:large, max-video-preview:-1\" \/>\n<link rel=\"canonical\" href=\"https:\/\/www.develooping.com\/404-2\/\" \/>\n<meta property=\"og:locale\" content=\"sv_SE\" \/>\n<meta property=\"og:type\" content=\"article\" \/>\n<meta property=\"og:title\" content=\"404 | Develooping\" \/>\n<meta property=\"og:description\" content=\"[vc_row][vc_column][vc_column_text] Internetadressen du beg\u00e4rde finns inte Den sida som du har h\u00e4nvisats till finns inte p\u00e5 v\u00e5r hemsida. Vi kanske har flyttat eller raderat den. Vi f\u00f6resl\u00e5r att du g\u00e5r till v\u00e5r hemsida och f\u00f6rs\u00f6ker hitta det inneh\u00e5ll som intresserar dig. [\/vc_column_text][\/vc_column][\/vc_row][vc_row][vc_column][vc_empty_space height=&#8221;32&#8243;][\/vc_column][\/vc_row][vc_row el_id=&#8221;boton_volver&#8221;][vc_column][\/vc_column][\/vc_row]\" \/>\n<meta property=\"og:url\" content=\"https:\/\/www.develooping.com\/404-2\/\" \/>\n<meta property=\"og:site_name\" content=\"Develooping\" \/>\n<meta property=\"article:publisher\" content=\"https:\/\/facebook.com\/develooping\" \/>\n<meta property=\"article:modified_time\" content=\"2016-02-20T13:16:46+00:00\" \/>\n<meta property=\"og:image\" content=\"http:\/\/www.develooping.com\/wp-content\/uploads\/2016\/01\/esto-no-es-lo-que-buscabas-300x282.png\" \/>\n<meta name=\"twitter:card\" content=\"summary_large_image\" \/>\n<meta name=\"twitter:label1\" content=\"Ber\u00e4knad l\u00e4stid\" \/>\n\t<meta name=\"twitter:data1\" content=\"1 minut\" \/>\n<script type=\"application\/ld+json\" class=\"yoast-schema-graph\">{\"@context\":\"https:\\\/\\\/schema.org\",\"@graph\":[{\"@type\":\"WebPage\",\"@id\":\"https:\\\/\\\/www.develooping.com\\\/404-2\\\/\",\"url\":\"https:\\\/\\\/www.develooping.com\\\/404-2\\\/\",\"name\":\"404 | Develooping\",\"isPartOf\":{\"@id\":\"https:\\\/\\\/www.develooping.com\\\/#website\"},\"primaryImageOfPage\":{\"@id\":\"https:\\\/\\\/www.develooping.com\\\/404-2\\\/#primaryimage\"},\"image\":{\"@id\":\"https:\\\/\\\/www.develooping.com\\\/404-2\\\/#primaryimage\"},\"thumbnailUrl\":\"http:\\\/\\\/www.develooping.com\\\/wp-content\\\/uploads\\\/2016\\\/01\\\/esto-no-es-lo-que-buscabas-300x282.png\",\"datePublished\":\"2016-01-04T17:18:25+00:00\",\"dateModified\":\"2016-02-20T13:16:46+00:00\",\"breadcrumb\":{\"@id\":\"https:\\\/\\\/www.develooping.com\\\/404-2\\\/#breadcrumb\"},\"inLanguage\":\"sv-SE\",\"potentialAction\":[{\"@type\":\"ReadAction\",\"target\":[\"https:\\\/\\\/www.develooping.com\\\/404-2\\\/\"]}]},{\"@type\":\"ImageObject\",\"inLanguage\":\"sv-SE\",\"@id\":\"https:\\\/\\\/www.develooping.com\\\/404-2\\\/#primaryimage\",\"url\":\"http:\\\/\\\/www.develooping.com\\\/wp-content\\\/uploads\\\/2016\\\/01\\\/esto-no-es-lo-que-buscabas-300x282.png\",\"contentUrl\":\"http:\\\/\\\/www.develooping.com\\\/wp-content\\\/uploads\\\/2016\\\/01\\\/esto-no-es-lo-que-buscabas-300x282.png\"},{\"@type\":\"BreadcrumbList\",\"@id\":\"https:\\\/\\\/www.develooping.com\\\/404-2\\\/#breadcrumb\",\"itemListElement\":[{\"@type\":\"ListItem\",\"position\":1,\"name\":\"Portada\",\"item\":\"https:\\\/\\\/www.develooping.com\\\/\"},{\"@type\":\"ListItem\",\"position\":2,\"name\":\"404 &#8211; Esto no es lo que pediste\"}]},{\"@type\":\"WebSite\",\"@id\":\"https:\\\/\\\/www.develooping.com\\\/#website\",\"url\":\"https:\\\/\\\/www.develooping.com\\\/\",\"name\":\"Develooping\",\"description\":\"Web design and programming\",\"publisher\":{\"@id\":\"https:\\\/\\\/www.develooping.com\\\/#organization\"},\"potentialAction\":[{\"@type\":\"SearchAction\",\"target\":{\"@type\":\"EntryPoint\",\"urlTemplate\":\"https:\\\/\\\/www.develooping.com\\\/?s={search_term_string}\"},\"query-input\":{\"@type\":\"PropertyValueSpecification\",\"valueRequired\":true,\"valueName\":\"search_term_string\"}}],\"inLanguage\":\"sv-SE\"},{\"@type\":\"Organization\",\"@id\":\"https:\\\/\\\/www.develooping.com\\\/#organization\",\"name\":\"Develooping\",\"url\":\"https:\\\/\\\/www.develooping.com\\\/\",\"logo\":{\"@type\":\"ImageObject\",\"inLanguage\":\"sv-SE\",\"@id\":\"https:\\\/\\\/www.develooping.com\\\/#\\\/schema\\\/logo\\\/image\\\/\",\"url\":\"https:\\\/\\\/www.develooping.com\\\/wp-content\\\/uploads\\\/2015\\\/09\\\/logo_develooping_grande.png\",\"contentUrl\":\"https:\\\/\\\/www.develooping.com\\\/wp-content\\\/uploads\\\/2015\\\/09\\\/logo_develooping_grande.png\",\"width\":370,\"height\":169,\"caption\":\"Develooping\"},\"image\":{\"@id\":\"https:\\\/\\\/www.develooping.com\\\/#\\\/schema\\\/logo\\\/image\\\/\"},\"sameAs\":[\"https:\\\/\\\/facebook.com\\\/develooping\"]}]}<\/script>\n<!-- \/ Yoast SEO plugin. -->","yoast_head_json":{"title":"404 | Develooping","robots":{"index":"index","follow":"follow","max-snippet":"max-snippet:-1","max-image-preview":"max-image-preview:large","max-video-preview":"max-video-preview:-1"},"canonical":"https:\/\/www.develooping.com\/404-2\/","og_locale":"sv_SE","og_type":"article","og_title":"404 | Develooping","og_description":"[vc_row][vc_column][vc_column_text] Internetadressen du beg\u00e4rde finns inte Den sida som du har h\u00e4nvisats till finns inte p\u00e5 v\u00e5r hemsida. Vi kanske har flyttat eller raderat den. Vi f\u00f6resl\u00e5r att du g\u00e5r till v\u00e5r hemsida och f\u00f6rs\u00f6ker hitta det inneh\u00e5ll som intresserar dig. [\/vc_column_text][\/vc_column][\/vc_row][vc_row][vc_column][vc_empty_space height=&#8221;32&#8243;][\/vc_column][\/vc_row][vc_row el_id=&#8221;boton_volver&#8221;][vc_column][\/vc_column][\/vc_row]","og_url":"https:\/\/www.develooping.com\/404-2\/","og_site_name":"Develooping","article_publisher":"https:\/\/facebook.com\/develooping","article_modified_time":"2016-02-20T13:16:46+00:00","og_image":[{"url":"http:\/\/www.develooping.com\/wp-content\/uploads\/2016\/01\/esto-no-es-lo-que-buscabas-300x282.png","type":"","width":"","height":""}],"twitter_card":"summary_large_image","twitter_misc":{"Ber\u00e4knad l\u00e4stid":"1 minut"},"schema":{"@context":"https:\/\/schema.org","@graph":[{"@type":"WebPage","@id":"https:\/\/www.develooping.com\/404-2\/","url":"https:\/\/www.develooping.com\/404-2\/","name":"404 | Develooping","isPartOf":{"@id":"https:\/\/www.develooping.com\/#website"},"primaryImageOfPage":{"@id":"https:\/\/www.develooping.com\/404-2\/#primaryimage"},"image":{"@id":"https:\/\/www.develooping.com\/404-2\/#primaryimage"},"thumbnailUrl":"http:\/\/www.develooping.com\/wp-content\/uploads\/2016\/01\/esto-no-es-lo-que-buscabas-300x282.png","datePublished":"2016-01-04T17:18:25+00:00","dateModified":"2016-02-20T13:16:46+00:00","breadcrumb":{"@id":"https:\/\/www.develooping.com\/404-2\/#breadcrumb"},"inLanguage":"sv-SE","potentialAction":[{"@type":"ReadAction","target":["https:\/\/www.develooping.com\/404-2\/"]}]},{"@type":"ImageObject","inLanguage":"sv-SE","@id":"https:\/\/www.develooping.com\/404-2\/#primaryimage","url":"http:\/\/www.develooping.com\/wp-content\/uploads\/2016\/01\/esto-no-es-lo-que-buscabas-300x282.png","contentUrl":"http:\/\/www.develooping.com\/wp-content\/uploads\/2016\/01\/esto-no-es-lo-que-buscabas-300x282.png"},{"@type":"BreadcrumbList","@id":"https:\/\/www.develooping.com\/404-2\/#breadcrumb","itemListElement":[{"@type":"ListItem","position":1,"name":"Portada","item":"https:\/\/www.develooping.com\/"},{"@type":"ListItem","position":2,"name":"404 &#8211; Esto no es lo que pediste"}]},{"@type":"WebSite","@id":"https:\/\/www.develooping.com\/#website","url":"https:\/\/www.develooping.com\/","name":"Develooping","description":"Web design and programming","publisher":{"@id":"https:\/\/www.develooping.com\/#organization"},"potentialAction":[{"@type":"SearchAction","target":{"@type":"EntryPoint","urlTemplate":"https:\/\/www.develooping.com\/?s={search_term_string}"},"query-input":{"@type":"PropertyValueSpecification","valueRequired":true,"valueName":"search_term_string"}}],"inLanguage":"sv-SE"},{"@type":"Organization","@id":"https:\/\/www.develooping.com\/#organization","name":"Develooping","url":"https:\/\/www.develooping.com\/","logo":{"@type":"ImageObject","inLanguage":"sv-SE","@id":"https:\/\/www.develooping.com\/#\/schema\/logo\/image\/","url":"https:\/\/www.develooping.com\/wp-content\/uploads\/2015\/09\/logo_develooping_grande.png","contentUrl":"https:\/\/www.develooping.com\/wp-content\/uploads\/2015\/09\/logo_develooping_grande.png","width":370,"height":169,"caption":"Develooping"},"image":{"@id":"https:\/\/www.develooping.com\/#\/schema\/logo\/image\/"},"sameAs":["https:\/\/facebook.com\/develooping"]}]}},"_links":{"self":[{"href":"https:\/\/www.develooping.com\/sv\/wp-json\/wp\/v2\/pages\/1121","targetHints":{"allow":["GET"]}}],"collection":[{"href":"https:\/\/www.develooping.com\/sv\/wp-json\/wp\/v2\/pages"}],"about":[{"href":"https:\/\/www.develooping.com\/sv\/wp-json\/wp\/v2\/types\/page"}],"author":[{"embeddable":true,"href":"https:\/\/www.develooping.com\/sv\/wp-json\/wp\/v2\/users\/1"}],"replies":[{"embeddable":true,"href":"https:\/\/www.develooping.com\/sv\/wp-json\/wp\/v2\/comments?post=1121"}],"version-history":[{"count":7,"href":"https:\/\/www.develooping.com\/sv\/wp-json\/wp\/v2\/pages\/1121\/revisions"}],"predecessor-version":[{"id":1471,"href":"https:\/\/www.develooping.com\/sv\/wp-json\/wp\/v2\/pages\/1121\/revisions\/1471"}],"wp:attachment":[{"href":"https:\/\/www.develooping.com\/sv\/wp-json\/wp\/v2\/media?parent=1121"}],"curies":[{"name":"wp","href":"https:\/\/api.w.org\/{rel}","templated":true}]}}